{"id":11,"date":"2019-04-17T09:43:51","date_gmt":"2019-04-17T12:43:51","guid":{"rendered":"http:\/\/www.concisrl.com.ar\/?page_id=11"},"modified":"2020-07-29T10:43:41","modified_gmt":"2020-07-29T13:43:41","slug":"acopio","status":"publish","type":"page","link":"https:\/\/www.concisrl.com.ar\/index.php\/acopio\/","title":{"rendered":"Acopio"},"content":{"rendered":"<section class=\"l-section wpb_row height_medium\"><div class=\"l-section-h i-cf\"><div class=\"g-cols vc_row type_default valign_top\"><div class=\"vc_col-sm-12 wpb_column vc_column_container\"><div class=\"vc_column-inner\"><div class=\"wpb_wrapper\">\r\n\t<div class=\"wpb_text_column \">\r\n\t\t<div class=\"wpb_wrapper\">\r\n\t\t\t<h1 style=\"text-align: center;\"><strong>ACOPIO<\/strong><\/h1>\n\r\n\t\t<\/div>\r\n\t<\/div>\r\n<div class=\"ult-spacer spacer-69dbbe64463e8\" data-id=\"69dbbe64463e8\" data-height=\"30\" data-height-mobile=\"30\" data-height-tab=\"30\" data-height-tab-portrait=\"\" data-height-mobile-landscape=\"\" style=\"clear:both;display:block;\"><\/div><\/div><\/div><\/div><div class=\"vc_col-sm-12 vc_col-lg-offset-1 vc_col-lg-4\/5 vc_col-xs-offset-1 vc_col-xs-4\/5 wpb_column vc_column_container\"><div class=\"vc_column-inner\"><div class=\"wpb_wrapper\">\r\n\t<div class=\"wpb_text_column \">\r\n\t\t<div class=\"wpb_wrapper\">\r\n\t\t\t<p style=\"text-align: center; font-size: 18px;\">Con <strong>m\u00e1s de 35 a\u00f1os de experiencia<\/strong> en el mercado, estamos en condiciones de garantizar siempre una excelente calidad en nuestro servicio.<\/p>\n\r\n\t\t<\/div>\r\n\t<\/div>\r\n<\/div><\/div><\/div><\/div><\/div><\/section><section class=\"l-section wpb_row height_auto width_full\"><div class=\"l-section-h i-cf\"><div class=\"g-cols vc_row type_default valign_top\"><div class=\"vc_col-sm-12 wpb_column vc_column_container\"><div class=\"vc_column-inner\"><div class=\"wpb_wrapper\"><div class=\"w-image align_center\"><div class=\"w-image-h\"><img loading=\"lazy\" decoding=\"async\" width=\"1366\" height=\"622\" src=\"https:\/\/www.concisrl.com.ar\/wp-content\/uploads\/2019\/05\/acopio.jpg\" class=\"attachment-full size-full\" alt=\"\" srcset=\"https:\/\/www.concisrl.com.ar\/wp-content\/uploads\/2019\/05\/acopio.jpg 1366w, https:\/\/www.concisrl.com.ar\/wp-content\/uploads\/2019\/05\/acopio-300x137.jpg 300w, https:\/\/www.concisrl.com.ar\/wp-content\/uploads\/2019\/05\/acopio-1024x466.jpg 1024w\" sizes=\"(max-width: 1366px) 100vw, 1366px\" \/><\/div><\/div><\/div><\/div><\/div><\/div><\/div><\/section><section class=\"l-section wpb_row height_medium\"><div class=\"l-section-h i-cf\"><div class=\"g-cols vc_row type_default valign_top\"><div class=\"vc_col-sm-8 wpb_column vc_column_container\"><div class=\"vc_column-inner\"><div class=\"wpb_wrapper\"><div class=\"ult-spacer spacer-69dbbe6447073\" data-id=\"69dbbe6447073\" data-height=\"30\" data-height-mobile=\"30\" data-height-tab=\"30\" data-height-tab-portrait=\"\" data-height-mobile-landscape=\"\" style=\"clear:both;display:block;\"><\/div>\r\n\t<div class=\"wpb_text_column \">\r\n\t\t<div class=\"wpb_wrapper\">\r\n\t\t\t<h2><strong>Nuestros Servicios<\/strong><\/h2>\n<ul>\n<li><strong>Impositivo<\/strong><\/li>\n<li><strong>Contable<\/strong><\/li>\n<li><strong>Administrativo<\/strong><\/li>\n<li><strong>Financiero<\/strong><\/li>\n<li><strong>Log\u00edstica<\/strong><\/li>\n<\/ul>\n\r\n\t\t<\/div>\r\n\t<\/div>\r\n<div class=\"ult-spacer spacer-69dbbe64470d2\" data-id=\"69dbbe64470d2\" data-height=\"30\" data-height-mobile=\"30\" data-height-tab=\"30\" data-height-tab-portrait=\"\" data-height-mobile-landscape=\"\" style=\"clear:both;display:block;\"><\/div>\r\n\t<div class=\"wpb_text_column \">\r\n\t\t<div class=\"wpb_wrapper\">\r\n\t\t\t<h2><strong>Operaciones<\/strong><\/h2>\n<ul>\n<li><strong>Mercado disponible:<\/strong> Negocios con exportadores, f\u00e1bricas y el mercado de consumo interno.<\/li>\n<li><strong>Mercado a t\u00e9rmino:<\/strong> Participaci\u00f3n en los mercados de Matba, Rofex y Chicago, tanto para realizar coberturas con futuros o seguros de precios (opciones put y call)<\/li>\n<li><strong>Canjes:<\/strong> Desarrollo integral de la gesti\u00f3n de canjes para empresas relacionadas con el sector agr\u00edcola que presentan como medio de pago de sus productos y servicios.<\/li>\n<li><strong>Adelantos financieros:<\/strong> Con o sin entrega de mercader\u00eda, en pesos o en d\u00f3lares.<\/li>\n<\/ul>\n\r\n\t\t<\/div>\r\n\t<\/div>\r\n<div class=\"ult-spacer spacer-69dbbe6447119\" data-id=\"69dbbe6447119\" data-height=\"150\" data-height-mobile=\"150\" data-height-tab=\"150\" data-height-tab-portrait=\"\" data-height-mobile-landscape=\"\" style=\"clear:both;display:block;\"><\/div><div class=\"w-slider style_none\"><div class=\"w-slider-h\"><div class=\"royalSlider\"><div class=\"rsContent\"><a class=\"rsImg\" data-rsw=\"1024\" data-rsh=\"575\" href=\"https:\/\/www.concisrl.com.ar\/wp-content\/uploads\/2019\/05\/foto-fede-614-1024x575.jpg\"><span data-alt=\"\"><\/span><\/a><\/div><div class=\"rsContent\"><a class=\"rsImg\" data-rsw=\"1024\" data-rsh=\"575\" href=\"https:\/\/www.concisrl.com.ar\/wp-content\/uploads\/2019\/05\/foto-fede-610-1024x575.jpg\"><span data-alt=\"\"><\/span><\/a><\/div><div class=\"rsContent\"><a class=\"rsImg\" data-rsw=\"1024\" data-rsh=\"575\" href=\"https:\/\/www.concisrl.com.ar\/wp-content\/uploads\/2019\/05\/foto-fede-601-1024x575.jpg\"><span data-alt=\"\"><\/span><\/a><\/div><div class=\"rsContent\"><a class=\"rsImg\" data-rsw=\"1024\" data-rsh=\"575\" href=\"https:\/\/www.concisrl.com.ar\/wp-content\/uploads\/2019\/05\/foto-fede-600-1-1024x575.jpg\"><span data-alt=\"\"><\/span><\/a><\/div><div class=\"rsContent\"><a class=\"rsImg\" data-rsw=\"1024\" data-rsh=\"575\" href=\"https:\/\/www.concisrl.com.ar\/wp-content\/uploads\/2019\/05\/foto-fede-598-1024x575.jpg\"><span data-alt=\"\"><\/span><\/a><\/div><div class=\"rsContent\"><a class=\"rsImg\" data-rsw=\"1024\" data-rsh=\"575\" href=\"https:\/\/www.concisrl.com.ar\/wp-content\/uploads\/2019\/05\/foto-fede-595-1024x575.jpg\"><span data-alt=\"\"><\/span><\/a><\/div><\/div><img decoding=\"async\" src=\"https:\/\/www.concisrl.com.ar\/wp-content\/uploads\/2019\/05\/foto-fede-614-1024x575.jpg\" alt=\"\"><\/div><div class=\"w-slider-json\" onclick='return {&quot;loopRewind&quot;:true,&quot;slidesSpacing&quot;:0,&quot;imageScalePadding&quot;:0,&quot;numImagesToPreload&quot;:2,&quot;arrowsNav&quot;:true,&quot;arrowsNavAutoHide&quot;:false,&quot;transitionType&quot;:&quot;move&quot;,&quot;transitionSpeed&quot;:600,&quot;block&quot;:{&quot;moveEffect&quot;:&quot;none&quot;,&quot;speed&quot;:300},&quot;controlNavigation&quot;:&quot;none&quot;,&quot;imageScaleMode&quot;:&quot;fit-if-smaller&quot;,&quot;autoScaleSlider&quot;:true,&quot;autoScaleSliderWidth&quot;:1024,&quot;autoScaleSliderHeight&quot;:575,&quot;fitInViewport&quot;:false}'><\/div><\/div><\/div><\/div><\/div><div class=\"vc_col-sm-4 wpb_column vc_column_container\"><div class=\"vc_column-inner\"><div class=\"wpb_wrapper\"><div class=\"w-image align_none\"><a class=\"w-image-h\" href=\"https:\/\/www.concisrl.com.ar\/index.php\/2020\/05\/11\/precampana-soja-nidera-2020\/\" title=\"Agroinsumos\"><img loading=\"lazy\" decoding=\"async\" width=\"300\" height=\"250\" src=\"https:\/\/www.concisrl.com.ar\/wp-content\/uploads\/2020\/07\/Gif-SRL.gif\" class=\"attachment-full size-full\" alt=\"\" \/><\/a><\/div><\/div><\/div><\/div><\/div><\/div><\/section><section class=\"l-section wpb_row height_medium\"><div class=\"l-section-h i-cf\"><div class=\"g-cols vc_row type_default valign_top\"><div class=\"vc_col-sm-12 wpb_column vc_column_container\"><div class=\"vc_column-inner\"><div class=\"wpb_wrapper\">\r\n\t<div class=\"wpb_text_column \">\r\n\t\t<div class=\"wpb_wrapper\">\r\n\t\t\t<h2><strong>Contactanos:<\/strong><\/h2>\n\r\n\t\t<\/div>\r\n\t<\/div>\r\n<div class=\"w-separator size_medium with_line width_default thick_1 style_solid color_border align_center\"><div class=\"w-separator-h\"><\/div><\/div>\r\n\t<div class=\"wpb_text_column \">\r\n\t\t<div class=\"wpb_wrapper\">\r\n\t\t\t\n<div class=\"wpcf7 no-js\" id=\"wpcf7-f139-o1\" lang=\"es-AR\" dir=\"ltr\">\n<div class=\"screen-reader-response\"><p role=\"status\" aria-live=\"polite\" aria-atomic=\"true\"><\/p> <ul><\/ul><\/div>\n<form action=\"\/index.php\/wp-json\/wp\/v2\/pages\/11#wpcf7-f139-o1\" method=\"post\" class=\"wpcf7-form init\" aria-label=\"Formulario de contacto\" novalidate=\"novalidate\" data-status=\"init\">\n<div style=\"display: none;\">\n<input type=\"hidden\" name=\"_wpcf7\" value=\"139\" \/>\n<input type=\"hidden\" name=\"_wpcf7_version\" value=\"5.9.5\" \/>\n<input type=\"hidden\" name=\"_wpcf7_locale\" value=\"es_AR\" \/>\n<input type=\"hidden\" name=\"_wpcf7_unit_tag\" value=\"wpcf7-f139-o1\" \/>\n<input type=\"hidden\" name=\"_wpcf7_container_post\" value=\"0\" \/>\n<input type=\"hidden\" name=\"_wpcf7_posted_data_hash\" value=\"\" \/>\n<\/div>\n<p><label> Nombre (obligatorio)<br \/>\n<span class=\"wpcf7-form-control-wrap\" data-name=\"nombre\"><input size=\"40\" class=\"wpcf7-form-control wpcf7-text wpcf7-validates-as-required\" aria-required=\"true\" aria-invalid=\"false\" value=\"\" type=\"text\" name=\"nombre\" \/><\/span> <\/label>\n<\/p>\n<p><label> Apellido (obligatorio)<br \/>\n<span class=\"wpcf7-form-control-wrap\" data-name=\"apellido\"><input size=\"40\" class=\"wpcf7-form-control wpcf7-text wpcf7-validates-as-required\" aria-required=\"true\" aria-invalid=\"false\" value=\"\" type=\"text\" name=\"apellido\" \/><\/span> <\/label>\n<\/p>\n<p><label> Correo electr\u00f3nico (obligatorio)<br \/>\n<span class=\"wpcf7-form-control-wrap\" data-name=\"email\"><input size=\"40\" class=\"wpcf7-form-control wpcf7-email wpcf7-validates-as-required wpcf7-text wpcf7-validates-as-email\" aria-required=\"true\" aria-invalid=\"false\" value=\"\" type=\"email\" name=\"email\" \/><\/span> <\/label>\n<\/p>\n<p><label> Tel\u00e9fono (obligatorio)<br \/>\n<span class=\"wpcf7-form-control-wrap\" data-name=\"telefono\"><input size=\"40\" class=\"wpcf7-form-control wpcf7-tel wpcf7-validates-as-required wpcf7-text wpcf7-validates-as-tel\" aria-required=\"true\" aria-invalid=\"false\" value=\"(0351) 4226655\" type=\"tel\" name=\"telefono\" \/><\/span> <\/label>\n<\/p>\n<p><label> Comentarios<br \/>\n<span class=\"wpcf7-form-control-wrap\" data-name=\"comentarios\"><textarea cols=\"40\" rows=\"10\" class=\"wpcf7-form-control wpcf7-textarea\" aria-invalid=\"false\" name=\"comentarios\"><\/textarea><\/span> <\/label>\n<\/p>\n<p><input class=\"wpcf7-form-control wpcf7-submit has-spinner\" type=\"submit\" value=\"Enviar Mensaje\" \/>\n<\/p><p style=\"display: none !important;\" class=\"akismet-fields-container\" data-prefix=\"_wpcf7_ak_\"><label>&#916;<textarea name=\"_wpcf7_ak_hp_textarea\" cols=\"45\" rows=\"8\" maxlength=\"100\"><\/textarea><\/label><input type=\"hidden\" id=\"ak_js_1\" name=\"_wpcf7_ak_js\" value=\"39\"\/><script>document.getElementById( \"ak_js_1\" ).setAttribute( \"value\", ( new Date() ).getTime() );<\/script><\/p><div class=\"wpcf7-response-output\" aria-hidden=\"true\"><\/div>\n<\/form>\n<\/div>\n\n\r\n\t\t<\/div>\r\n\t<\/div>\r\n<\/div><\/div><\/div><\/div><\/div><\/section>\n","protected":false},"excerpt":{"rendered":"ACOPIO Con m\u00e1s de 35 a\u00f1os de experiencia en el mercado, estamos en condiciones de garantizar siempre una excelente calidad en nuestro servicio. Nuestros Servicios Impositivo Contable Administrativo Financiero Log\u00edstica Operaciones Mercado disponible: Negocios con exportadores, f\u00e1bricas y el mercado de consumo interno. Mercado a t\u00e9rmino: Participaci\u00f3n en los mercados de Matba, Rofex y Chicago,...","protected":false},"author":1,"featured_media":0,"parent":0,"menu_order":0,"comment_status":"closed","ping_status":"closed","template":"","meta":{"_joinchat":[],"footnotes":""},"yoast_head":"<!-- This site is optimized with the Yoast SEO plugin v22.8 - https:\/\/yoast.com\/wordpress\/plugins\/seo\/ -->\n<title>Acopio - Conci SRL<\/title>\n<meta name=\"robots\" content=\"index, follow, max-snippet:-1, max-image-preview:large, max-video-preview:-1\" \/>\n<link rel=\"canonical\" href=\"https:\/\/www.concisrl.com.ar\/index.php\/acopio\/\" \/>\n<meta property=\"og:locale\" content=\"es_ES\" \/>\n<meta property=\"og:type\" content=\"article\" \/>\n<meta property=\"og:title\" content=\"Acopio - Conci SRL\" \/>\n<meta property=\"og:url\" content=\"https:\/\/www.concisrl.com.ar\/index.php\/acopio\/\" \/>\n<meta property=\"og:site_name\" content=\"Conci SRL\" \/>\n<meta property=\"article:modified_time\" content=\"2020-07-29T13:43:41+00:00\" \/>\n<meta name=\"twitter:card\" content=\"summary_large_image\" \/>\n<meta name=\"twitter:label1\" content=\"Tiempo de lectura\" \/>\n\t<meta name=\"twitter:data1\" content=\"1 minuto\" \/>\n<script type=\"application\/ld+json\" class=\"yoast-schema-graph\">{\"@context\":\"https:\/\/schema.org\",\"@graph\":[{\"@type\":\"WebPage\",\"@id\":\"https:\/\/www.concisrl.com.ar\/index.php\/acopio\/\",\"url\":\"https:\/\/www.concisrl.com.ar\/index.php\/acopio\/\",\"name\":\"Acopio - Conci SRL\",\"isPartOf\":{\"@id\":\"https:\/\/www.concisrl.com.ar\/#website\"},\"datePublished\":\"2019-04-17T12:43:51+00:00\",\"dateModified\":\"2020-07-29T13:43:41+00:00\",\"breadcrumb\":{\"@id\":\"https:\/\/www.concisrl.com.ar\/index.php\/acopio\/#breadcrumb\"},\"inLanguage\":\"es-AR\",\"potentialAction\":[{\"@type\":\"ReadAction\",\"target\":[\"https:\/\/www.concisrl.com.ar\/index.php\/acopio\/\"]}]},{\"@type\":\"BreadcrumbList\",\"@id\":\"https:\/\/www.concisrl.com.ar\/index.php\/acopio\/#breadcrumb\",\"itemListElement\":[{\"@type\":\"ListItem\",\"position\":1,\"name\":\"Inicio\",\"item\":\"https:\/\/www.concisrl.com.ar\/\"},{\"@type\":\"ListItem\",\"position\":2,\"name\":\"Acopio\"}]},{\"@type\":\"WebSite\",\"@id\":\"https:\/\/www.concisrl.com.ar\/#website\",\"url\":\"https:\/\/www.concisrl.com.ar\/\",\"name\":\"Conci SRL\",\"description\":\"\",\"potentialAction\":[{\"@type\":\"SearchAction\",\"target\":{\"@type\":\"EntryPoint\",\"urlTemplate\":\"https:\/\/www.concisrl.com.ar\/?s={search_term_string}\"},\"query-input\":\"required name=search_term_string\"}],\"inLanguage\":\"es-AR\"}]}<\/script>\n<!-- \/ Yoast SEO plugin. -->","yoast_head_json":{"title":"Acopio - Conci SRL","robots":{"index":"index","follow":"follow","max-snippet":"max-snippet:-1","max-image-preview":"max-image-preview:large","max-video-preview":"max-video-preview:-1"},"canonical":"https:\/\/www.concisrl.com.ar\/index.php\/acopio\/","og_locale":"es_ES","og_type":"article","og_title":"Acopio - Conci SRL","og_url":"https:\/\/www.concisrl.com.ar\/index.php\/acopio\/","og_site_name":"Conci SRL","article_modified_time":"2020-07-29T13:43:41+00:00","twitter_card":"summary_large_image","twitter_misc":{"Tiempo de lectura":"1 minuto"},"schema":{"@context":"https:\/\/schema.org","@graph":[{"@type":"WebPage","@id":"https:\/\/www.concisrl.com.ar\/index.php\/acopio\/","url":"https:\/\/www.concisrl.com.ar\/index.php\/acopio\/","name":"Acopio - Conci SRL","isPartOf":{"@id":"https:\/\/www.concisrl.com.ar\/#website"},"datePublished":"2019-04-17T12:43:51+00:00","dateModified":"2020-07-29T13:43:41+00:00","breadcrumb":{"@id":"https:\/\/www.concisrl.com.ar\/index.php\/acopio\/#breadcrumb"},"inLanguage":"es-AR","potentialAction":[{"@type":"ReadAction","target":["https:\/\/www.concisrl.com.ar\/index.php\/acopio\/"]}]},{"@type":"BreadcrumbList","@id":"https:\/\/www.concisrl.com.ar\/index.php\/acopio\/#breadcrumb","itemListElement":[{"@type":"ListItem","position":1,"name":"Inicio","item":"https:\/\/www.concisrl.com.ar\/"},{"@type":"ListItem","position":2,"name":"Acopio"}]},{"@type":"WebSite","@id":"https:\/\/www.concisrl.com.ar\/#website","url":"https:\/\/www.concisrl.com.ar\/","name":"Conci SRL","description":"","potentialAction":[{"@type":"SearchAction","target":{"@type":"EntryPoint","urlTemplate":"https:\/\/www.concisrl.com.ar\/?s={search_term_string}"},"query-input":"required name=search_term_string"}],"inLanguage":"es-AR"}]}},"_links":{"self":[{"href":"https:\/\/www.concisrl.com.ar\/index.php\/wp-json\/wp\/v2\/pages\/11"}],"collection":[{"href":"https:\/\/www.concisrl.com.ar\/index.php\/wp-json\/wp\/v2\/pages"}],"about":[{"href":"https:\/\/www.concisrl.com.ar\/index.php\/wp-json\/wp\/v2\/types\/page"}],"author":[{"embeddable":true,"href":"https:\/\/www.concisrl.com.ar\/index.php\/wp-json\/wp\/v2\/users\/1"}],"replies":[{"embeddable":true,"href":"https:\/\/www.concisrl.com.ar\/index.php\/wp-json\/wp\/v2\/comments?post=11"}],"version-history":[{"count":31,"href":"https:\/\/www.concisrl.com.ar\/index.php\/wp-json\/wp\/v2\/pages\/11\/revisions"}],"predecessor-version":[{"id":787,"href":"https:\/\/www.concisrl.com.ar\/index.php\/wp-json\/wp\/v2\/pages\/11\/revisions\/787"}],"wp:attachment":[{"href":"https:\/\/www.concisrl.com.ar\/index.php\/wp-json\/wp\/v2\/media?parent=11"}],"curies":[{"name":"wp","href":"https:\/\/api.w.org\/{rel}","templated":true}]}}