{"id":13,"date":"2019-04-17T09:44:27","date_gmt":"2019-04-17T12:44:27","guid":{"rendered":"http:\/\/www.concisrl.com.ar\/?page_id=13"},"modified":"2021-01-18T15:06:09","modified_gmt":"2021-01-18T18:06:09","slug":"agroinsumos","status":"publish","type":"page","link":"https:\/\/www.concisrl.com.ar\/index.php\/agroinsumos\/","title":{"rendered":"Agroinsumos"},"content":{"rendered":"<section class=\"l-section wpb_row height_medium\"><div class=\"l-section-h i-cf\"><div class=\"g-cols vc_row type_default valign_top\"><div class=\"vc_col-sm-12 wpb_column vc_column_container\"><div class=\"vc_column-inner\"><div class=\"wpb_wrapper\">\r\n\t<div class=\"wpb_text_column \">\r\n\t\t<div class=\"wpb_wrapper\">\r\n\t\t\t<h1 style=\"text-align: center;\"><strong>AGROINSUMOS<\/strong><\/h1>\n\r\n\t\t<\/div>\r\n\t<\/div>\r\n<div class=\"ult-spacer spacer-69db11a6c376f\" data-id=\"69db11a6c376f\" data-height=\"30\" data-height-mobile=\"30\" data-height-tab=\"30\" data-height-tab-portrait=\"\" data-height-mobile-landscape=\"\" style=\"clear:both;display:block;\"><\/div><\/div><\/div><\/div><div class=\"vc_col-sm-12 vc_col-lg-offset-1 vc_col-lg-4\/5 vc_col-xs-offset-1 vc_col-xs-4\/5 wpb_column vc_column_container\"><div class=\"vc_column-inner\"><div class=\"wpb_wrapper\">\r\n\t<div class=\"wpb_text_column \">\r\n\t\t<div class=\"wpb_wrapper\">\r\n\t\t\t<p style=\"text-align: center; font-size: 18px;\">Presentes en el mercado hace m\u00e1s de 35 a\u00f1os, asesorando al productor los 365 d\u00edas del a\u00f1o.<br \/>\nNuestro equipo comercial de Ingenieros Agr\u00f3nomos, est\u00e1n abocados a perseguir el mayor rinde posible en el productor asesorado, controlando los costos de manera eficiente.<\/p>\n\r\n\t\t<\/div>\r\n\t<\/div>\r\n<\/div><\/div><\/div><\/div><\/div><\/section><section class=\"l-section wpb_row height_auto width_full\"><div class=\"l-section-h i-cf\"><div class=\"g-cols vc_row type_default valign_top\"><div class=\"vc_col-sm-12 wpb_column vc_column_container\"><div class=\"vc_column-inner\"><div class=\"wpb_wrapper\"><div class=\"w-image align_center\"><div class=\"w-image-h\"><img loading=\"lazy\" decoding=\"async\" width=\"1366\" height=\"622\" src=\"https:\/\/www.concisrl.com.ar\/wp-content\/uploads\/2019\/05\/agroinsumos.jpg\" class=\"attachment-full size-full\" alt=\"\" srcset=\"https:\/\/www.concisrl.com.ar\/wp-content\/uploads\/2019\/05\/agroinsumos.jpg 1366w, https:\/\/www.concisrl.com.ar\/wp-content\/uploads\/2019\/05\/agroinsumos-300x137.jpg 300w, https:\/\/www.concisrl.com.ar\/wp-content\/uploads\/2019\/05\/agroinsumos-1024x466.jpg 1024w\" sizes=\"(max-width: 1366px) 100vw, 1366px\" \/><\/div><\/div><\/div><\/div><\/div><\/div><\/div><\/section><section class=\"l-section wpb_row height_small width_full\"><div class=\"l-section-h i-cf\"><div class=\"g-cols vc_row type_default valign_top\"><div class=\"vc_col-sm-12 wpb_column vc_column_container\"><div class=\"vc_column-inner\"><div class=\"wpb_wrapper\"><div class=\"ult-spacer spacer-69db11a6c41ed\" data-id=\"69db11a6c41ed\" data-height=\"40\" data-height-mobile=\"40\" data-height-tab=\"40\" data-height-tab-portrait=\"\" data-height-mobile-landscape=\"\" style=\"clear:both;display:block;\"><\/div><div class=\"w-grid type_grid layout_120 cols_4\" id=\"us_grid_1\"><style id=\"us_grid_1_css\">#us_grid_1 .w-grid-item{padding:1.5rem}#us_grid_1 .w-grid-list{margin:-1.5rem}.w-grid + #us_grid_1 .w-grid-list{margin-top:1.5rem}.l-section.width_full>div>div>.vc_col-sm-12>div>div>#us_grid_1 .w-grid-list{margin-left:1.5rem;margin-right:1.5rem}.l-section.height_auto>div>div>.vc_col-sm-12>div>div>#us_grid_1:first-child .w-grid-list{margin-top:1.5rem}.l-section.height_auto>div>div>.vc_col-sm-12>div>div>#us_grid_1:last-child .w-grid-list{margin-bottom:1.5rem}@media (max-width:899px){#us_grid_1 .w-grid-item{width:50%}}@media (max-width:599px){#us_grid_1 .w-grid-list{margin:0}#us_grid_1 .w-grid-item{width:100%;padding:0;margin-bottom:1.5rem}}<\/style><style>#us_grid_1 .w-grid-item-h{}#us_grid_1 .usg_post_image_1{}<\/style><div class=\"w-grid-list\"><article class=\"w-grid-item ratio_1x1 post-111 attachment type-attachment status-inherit hentry\" data-id=\"111\">\r\n\t<div class=\"w-grid-item-h\">\r\n\t\t\t\t<div class=\"w-post-elm post_image usg_post_image_1\"><img loading=\"lazy\" decoding=\"async\" width=\"152\" height=\"90\" src=\"https:\/\/www.concisrl.com.ar\/wp-content\/uploads\/2019\/04\/logo_nidera.png\" class=\"attachment-full size-full\" alt=\"\" srcset=\"https:\/\/www.concisrl.com.ar\/wp-content\/uploads\/2019\/04\/logo_nidera.png 152w, https:\/\/www.concisrl.com.ar\/wp-content\/uploads\/2019\/04\/logo_nidera-150x90.png 150w\" sizes=\"(max-width: 152px) 100vw, 152px\" \/><\/div>\t<\/div>\r\n<\/article>\r\n<article class=\"w-grid-item ratio_1x1 post-505 attachment type-attachment status-inherit hentry\" data-id=\"505\">\r\n\t<div class=\"w-grid-item-h\">\r\n\t\t\t\t<div class=\"w-post-elm post_image usg_post_image_1\"><img loading=\"lazy\" decoding=\"async\" width=\"224\" height=\"84\" src=\"https:\/\/www.concisrl.com.ar\/wp-content\/uploads\/2019\/05\/Icono-Gleba-1.jpg\" class=\"attachment-full size-full\" alt=\"\" \/><\/div>\t<\/div>\r\n<\/article>\r\n<article class=\"w-grid-item ratio_1x1 post-112 attachment type-attachment status-inherit hentry\" data-id=\"112\">\r\n\t<div class=\"w-grid-item-h\">\r\n\t\t\t\t<div class=\"w-post-elm post_image usg_post_image_1\"><img loading=\"lazy\" decoding=\"async\" width=\"266\" height=\"90\" src=\"https:\/\/www.concisrl.com.ar\/wp-content\/uploads\/2019\/04\/logo_rizobacter.png\" class=\"attachment-full size-full\" alt=\"\" \/><\/div>\t<\/div>\r\n<\/article>\r\n<article class=\"w-grid-item ratio_1x1 post-114 attachment type-attachment status-inherit hentry\" data-id=\"114\">\r\n\t<div class=\"w-grid-item-h\">\r\n\t\t\t\t<div class=\"w-post-elm post_image usg_post_image_1\"><img loading=\"lazy\" decoding=\"async\" width=\"251\" height=\"90\" src=\"https:\/\/www.concisrl.com.ar\/wp-content\/uploads\/2019\/04\/logo_tecnomyl.png\" class=\"attachment-full size-full\" alt=\"\" \/><\/div>\t<\/div>\r\n<\/article>\r\n<\/div>\t<div class=\"w-grid-json hidden\" onclick='return {&quot;ajax_url&quot;:&quot;https:\\\/\\\/www.concisrl.com.ar\\\/wp-admin\\\/admin-ajax.php&quot;,&quot;permalink_url&quot;:&quot;https:\\\/\\\/www.concisrl.com.ar\\\/index.php\\\/agroinsumos\\\/logo_tecnomyl\\\/&quot;,&quot;action&quot;:&quot;us_ajax_grid&quot;,&quot;max_num_pages&quot;:1,&quot;infinite_scroll&quot;:0,&quot;template_vars&quot;:{&quot;query_args&quot;:{&quot;post_type&quot;:[&quot;attachment&quot;],&quot;orderby&quot;:&quot;rand(2009847045)&quot;,&quot;post__in&quot;:[&quot;114&quot;,&quot;112&quot;,&quot;111&quot;,&quot;505&quot;],&quot;post_status&quot;:&quot;inherit&quot;,&quot;post_mime_type&quot;:&quot;image&quot;,&quot;posts_per_page&quot;:&quot;4&quot;},&quot;post_id&quot;:13,&quot;us_grid_index&quot;:1,&quot;us_grid_ajax_index&quot;:1,&quot;exclude_items&quot;:&quot;none&quot;,&quot;items_offset&quot;:&quot;1&quot;,&quot;items_layout&quot;:&quot;120&quot;,&quot;type&quot;:&quot;grid&quot;,&quot;columns&quot;:&quot;4&quot;,&quot;img_size&quot;:&quot;default&quot;,&quot;overriding_link&quot;:&quot;none&quot;},&quot;carousel_settings&quot;:{&quot;items&quot;:&quot;4&quot;,&quot;nav&quot;:0,&quot;navNext&quot;:&quot;&quot;,&quot;navPrev&quot;:&quot;&quot;,&quot;dots&quot;:0,&quot;center&quot;:0,&quot;autoplay&quot;:0,&quot;smooth_play&quot;:0,&quot;timeout&quot;:3000,&quot;speed&quot;:250,&quot;transition&quot;:&quot;&quot;,&quot;autoheight&quot;:0,&quot;slideby&quot;:&quot;1&quot;},&quot;carousel_breakpoints&quot;:{&quot;1200&quot;:{&quot;items&quot;:&quot;4&quot;},&quot;900&quot;:{&quot;items&quot;:4,&quot;autoplay&quot;:1,&quot;autoplayHoverPause&quot;:1},&quot;600&quot;:{&quot;items&quot;:2,&quot;autoplay&quot;:1,&quot;autoplayHoverPause&quot;:1},&quot;0&quot;:{&quot;items&quot;:1,&quot;autoHeight&quot;:true,&quot;autoplay&quot;:1,&quot;autoplayHoverPause&quot;:1}}}'><\/div>\r\n<\/div><\/div><\/div><\/div><\/div><\/div><\/section><section class=\"l-section wpb_row height_medium\"><div class=\"l-section-h i-cf\"><div class=\"g-cols vc_row type_default valign_top\"><div class=\"vc_col-sm-8 wpb_column vc_column_container\"><div class=\"vc_column-inner\"><div class=\"wpb_wrapper\"><div class=\"ult-spacer spacer-69db11a6c670a\" data-id=\"69db11a6c670a\" data-height=\"30\" data-height-mobile=\"30\" data-height-tab=\"30\" data-height-tab-portrait=\"\" data-height-mobile-landscape=\"\" style=\"clear:both;display:block;\"><\/div>\r\n\t<div class=\"wpb_text_column \">\r\n\t\t<div class=\"wpb_wrapper\">\r\n\t\t\t<h2><strong>Dep\u00f3sitos<\/strong><\/h2>\n<p>Actualmente contamos con dos dep\u00f3sitos ubicados estrat\u00e9gicamente que optimizan la log\u00edstica, lo que nos permiten acortar tiempos en entregas de productos a campo.<\/p>\n<ul>\n<li>R\u00edo Segundo Av. Malvinas Argentina (R\u00edo Segundo \u2013 C\u00f3rdoba)<\/li>\n<li>Casa Central Av. Juan B. Justo 6500 (C\u00f3rdoba)<\/li>\n<\/ul>\n\r\n\t\t<\/div>\r\n\t<\/div>\r\n<div class=\"ult-spacer spacer-69db11a6c6768\" data-id=\"69db11a6c6768\" data-height=\"30\" data-height-mobile=\"30\" data-height-tab=\"30\" data-height-tab-portrait=\"\" data-height-mobile-landscape=\"\" style=\"clear:both;display:block;\"><\/div>\r\n\t<div class=\"wpb_text_column \">\r\n\t\t<div class=\"wpb_wrapper\">\r\n\t\t\t<h2><strong>Nuestros productos<\/strong><\/h2>\n<ul>\n<li>Agroqu\u00edmicos<\/li>\n<li>Fertilizantes<\/li>\n<li>Semillas<\/li>\n<li>Silo Bolsas<\/li>\n<li>Distribuimos ma\u00edz Nidera para el centro y norte de C\u00f3rdoba<\/li>\n<\/ul>\n\r\n\t\t<\/div>\r\n\t<\/div>\r\n<div class=\"ult-spacer spacer-69db11a6c67aa\" data-id=\"69db11a6c67aa\" data-height=\"30\" data-height-mobile=\"30\" data-height-tab=\"30\" data-height-tab-portrait=\"\" data-height-mobile-landscape=\"\" style=\"clear:both;display:block;\"><\/div>\r\n\t<div class=\"wpb_text_column \">\r\n\t\t<div class=\"wpb_wrapper\">\r\n\t\t\t<h2><strong>Divisi\u00f3n de semillas<\/strong><\/h2>\n<p>En 2007 incorporamos a nuestro negocio, la multiplicaci\u00f3n de soja y trigo para la marca Nidera Seeds. Produciendo ininterrumpidamente hasta la actualidad en nuestra planta de Pilar (C\u00f3rdoba) y distribuyendo a todo el pa\u00eds con la m\u00e1s alta calidad.<br \/>\nEn el a\u00f1o 2013 incorporamos la tecnolog\u00eda TPS (Tratamiento Profesional de Semillas), con el objetivo de agregarle valor a la producci\u00f3n, mejorando los rendimientos de manera significativa a nuestros productos.<\/p>\n<h6>\u00a1Conoc\u00e9 nuestro <a href=\"http:\/\/www.concisrl.com.ar\/index.php\/productos\/\">cat\u00e1logo de productos<\/a>!<\/h6>\n\r\n\t\t<\/div>\r\n\t<\/div>\r\n<\/div><\/div><\/div><div class=\"vc_col-sm-4 wpb_column vc_column_container\"><div class=\"vc_column-inner\"><div class=\"wpb_wrapper\"><\/div><\/div><\/div><\/div><\/div><\/section><section class=\"l-section wpb_row height_medium\"><div class=\"l-section-h i-cf\"><div class=\"g-cols vc_row type_default valign_top\"><div class=\"vc_col-sm-8 wpb_column vc_column_container\"><div class=\"vc_column-inner\"><div class=\"wpb_wrapper\">\r\n\t<div class=\"wpb_text_column \">\r\n\t\t<div class=\"wpb_wrapper\">\r\n\t\t\t<h2>Contactanos:<\/h2>\n\r\n\t\t<\/div>\r\n\t<\/div>\r\n<div class=\"w-separator size_medium with_line width_default thick_1 style_solid color_border align_center\"><div class=\"w-separator-h\"><\/div><\/div>\r\n\t<div class=\"wpb_text_column \">\r\n\t\t<div class=\"wpb_wrapper\">\r\n\t\t\t\n<div class=\"wpcf7 no-js\" id=\"wpcf7-f141-o1\" lang=\"es-AR\" dir=\"ltr\">\n<div class=\"screen-reader-response\"><p role=\"status\" aria-live=\"polite\" aria-atomic=\"true\"><\/p> <ul><\/ul><\/div>\n<form action=\"\/index.php\/wp-json\/wp\/v2\/pages\/13#wpcf7-f141-o1\" method=\"post\" class=\"wpcf7-form init\" aria-label=\"Formulario de contacto\" novalidate=\"novalidate\" data-status=\"init\">\n<div style=\"display: none;\">\n<input type=\"hidden\" name=\"_wpcf7\" value=\"141\" \/>\n<input type=\"hidden\" name=\"_wpcf7_version\" value=\"5.9.5\" \/>\n<input type=\"hidden\" name=\"_wpcf7_locale\" value=\"es_AR\" \/>\n<input type=\"hidden\" name=\"_wpcf7_unit_tag\" value=\"wpcf7-f141-o1\" \/>\n<input type=\"hidden\" name=\"_wpcf7_container_post\" value=\"0\" \/>\n<input type=\"hidden\" name=\"_wpcf7_posted_data_hash\" value=\"\" \/>\n<\/div>\n<p><label> Nombre (obligatorio)<br \/>\n<span class=\"wpcf7-form-control-wrap\" data-name=\"nombre\"><input size=\"40\" class=\"wpcf7-form-control wpcf7-text wpcf7-validates-as-required\" aria-required=\"true\" aria-invalid=\"false\" value=\"\" type=\"text\" name=\"nombre\" \/><\/span> <\/label>\n<\/p>\n<p><label> Apellido (obligatorio)<br \/>\n<span class=\"wpcf7-form-control-wrap\" data-name=\"apellido\"><input size=\"40\" class=\"wpcf7-form-control wpcf7-text wpcf7-validates-as-required\" aria-required=\"true\" aria-invalid=\"false\" value=\"\" type=\"text\" name=\"apellido\" \/><\/span> <\/label>\n<\/p>\n<p><label> Correo electr\u00f3nico (obligatorio)<br \/>\n<span class=\"wpcf7-form-control-wrap\" data-name=\"email\"><input size=\"40\" class=\"wpcf7-form-control wpcf7-email wpcf7-validates-as-required wpcf7-text wpcf7-validates-as-email\" aria-required=\"true\" aria-invalid=\"false\" value=\"\" type=\"email\" name=\"email\" \/><\/span> <\/label>\n<\/p>\n<p><label> Tel\u00e9fono (obligatorio)<br \/>\n<span class=\"wpcf7-form-control-wrap\" data-name=\"telefono\"><input size=\"40\" class=\"wpcf7-form-control wpcf7-tel wpcf7-validates-as-required wpcf7-text wpcf7-validates-as-tel\" aria-required=\"true\" aria-invalid=\"false\" value=\"(0351) 4226655\" type=\"tel\" name=\"telefono\" \/><\/span> <\/label>\n<\/p>\n<p><label> Comentarios<br \/>\n<span class=\"wpcf7-form-control-wrap\" data-name=\"comentarios\"><textarea cols=\"40\" rows=\"10\" class=\"wpcf7-form-control wpcf7-textarea\" aria-invalid=\"false\" name=\"comentarios\"><\/textarea><\/span> <\/label>\n<\/p>\n<p><input class=\"wpcf7-form-control wpcf7-submit has-spinner\" type=\"submit\" value=\"Enviar Mensaje\" \/>\n<\/p><p style=\"display: none !important;\" class=\"akismet-fields-container\" data-prefix=\"_wpcf7_ak_\"><label>&#916;<textarea name=\"_wpcf7_ak_hp_textarea\" cols=\"45\" rows=\"8\" maxlength=\"100\"><\/textarea><\/label><input type=\"hidden\" id=\"ak_js_1\" name=\"_wpcf7_ak_js\" value=\"225\"\/><script>document.getElementById( \"ak_js_1\" ).setAttribute( \"value\", ( new Date() ).getTime() );<\/script><\/p><div class=\"wpcf7-response-output\" aria-hidden=\"true\"><\/div>\n<\/form>\n<\/div>\n\n\r\n\t\t<\/div>\r\n\t<\/div>\r\n<\/div><\/div><\/div><div class=\"vc_col-sm-4 wpb_column vc_column_container\"><div class=\"vc_column-inner\"><div class=\"wpb_wrapper\"><\/div><\/div><\/div><\/div><\/div><\/section>\n","protected":false},"excerpt":{"rendered":"","protected":false},"author":1,"featured_media":0,"parent":0,"menu_order":0,"comment_status":"closed","ping_status":"closed","template":"","meta":{"_joinchat":[],"footnotes":""},"yoast_head":"<!-- This site is optimized with the Yoast SEO plugin v22.8 - https:\/\/yoast.com\/wordpress\/plugins\/seo\/ -->\n<title>Agroinsumos - Conci SRL<\/title>\n<meta name=\"robots\" content=\"index, follow, max-snippet:-1, max-image-preview:large, max-video-preview:-1\" \/>\n<link rel=\"canonical\" href=\"https:\/\/www.concisrl.com.ar\/index.php\/agroinsumos\/\" \/>\n<meta property=\"og:locale\" content=\"es_ES\" \/>\n<meta property=\"og:type\" content=\"article\" \/>\n<meta property=\"og:title\" content=\"Agroinsumos - Conci SRL\" \/>\n<meta property=\"og:url\" content=\"https:\/\/www.concisrl.com.ar\/index.php\/agroinsumos\/\" \/>\n<meta property=\"og:site_name\" content=\"Conci SRL\" \/>\n<meta property=\"article:modified_time\" content=\"2021-01-18T18:06:09+00:00\" \/>\n<meta name=\"twitter:card\" content=\"summary_large_image\" \/>\n<meta name=\"twitter:label1\" content=\"Tiempo de lectura\" \/>\n\t<meta name=\"twitter:data1\" content=\"2 minutos\" \/>\n<script type=\"application\/ld+json\" class=\"yoast-schema-graph\">{\"@context\":\"https:\/\/schema.org\",\"@graph\":[{\"@type\":\"WebPage\",\"@id\":\"https:\/\/www.concisrl.com.ar\/index.php\/agroinsumos\/\",\"url\":\"https:\/\/www.concisrl.com.ar\/index.php\/agroinsumos\/\",\"name\":\"Agroinsumos - Conci SRL\",\"isPartOf\":{\"@id\":\"https:\/\/www.concisrl.com.ar\/#website\"},\"datePublished\":\"2019-04-17T12:44:27+00:00\",\"dateModified\":\"2021-01-18T18:06:09+00:00\",\"breadcrumb\":{\"@id\":\"https:\/\/www.concisrl.com.ar\/index.php\/agroinsumos\/#breadcrumb\"},\"inLanguage\":\"es-AR\",\"potentialAction\":[{\"@type\":\"ReadAction\",\"target\":[\"https:\/\/www.concisrl.com.ar\/index.php\/agroinsumos\/\"]}]},{\"@type\":\"BreadcrumbList\",\"@id\":\"https:\/\/www.concisrl.com.ar\/index.php\/agroinsumos\/#breadcrumb\",\"itemListElement\":[{\"@type\":\"ListItem\",\"position\":1,\"name\":\"Inicio\",\"item\":\"https:\/\/www.concisrl.com.ar\/\"},{\"@type\":\"ListItem\",\"position\":2,\"name\":\"Agroinsumos\"}]},{\"@type\":\"WebSite\",\"@id\":\"https:\/\/www.concisrl.com.ar\/#website\",\"url\":\"https:\/\/www.concisrl.com.ar\/\",\"name\":\"Conci SRL\",\"description\":\"\",\"potentialAction\":[{\"@type\":\"SearchAction\",\"target\":{\"@type\":\"EntryPoint\",\"urlTemplate\":\"https:\/\/www.concisrl.com.ar\/?s={search_term_string}\"},\"query-input\":\"required name=search_term_string\"}],\"inLanguage\":\"es-AR\"}]}<\/script>\n<!-- \/ Yoast SEO plugin. -->","yoast_head_json":{"title":"Agroinsumos - Conci SRL","robots":{"index":"index","follow":"follow","max-snippet":"max-snippet:-1","max-image-preview":"max-image-preview:large","max-video-preview":"max-video-preview:-1"},"canonical":"https:\/\/www.concisrl.com.ar\/index.php\/agroinsumos\/","og_locale":"es_ES","og_type":"article","og_title":"Agroinsumos - Conci SRL","og_url":"https:\/\/www.concisrl.com.ar\/index.php\/agroinsumos\/","og_site_name":"Conci SRL","article_modified_time":"2021-01-18T18:06:09+00:00","twitter_card":"summary_large_image","twitter_misc":{"Tiempo de lectura":"2 minutos"},"schema":{"@context":"https:\/\/schema.org","@graph":[{"@type":"WebPage","@id":"https:\/\/www.concisrl.com.ar\/index.php\/agroinsumos\/","url":"https:\/\/www.concisrl.com.ar\/index.php\/agroinsumos\/","name":"Agroinsumos - Conci SRL","isPartOf":{"@id":"https:\/\/www.concisrl.com.ar\/#website"},"datePublished":"2019-04-17T12:44:27+00:00","dateModified":"2021-01-18T18:06:09+00:00","breadcrumb":{"@id":"https:\/\/www.concisrl.com.ar\/index.php\/agroinsumos\/#breadcrumb"},"inLanguage":"es-AR","potentialAction":[{"@type":"ReadAction","target":["https:\/\/www.concisrl.com.ar\/index.php\/agroinsumos\/"]}]},{"@type":"BreadcrumbList","@id":"https:\/\/www.concisrl.com.ar\/index.php\/agroinsumos\/#breadcrumb","itemListElement":[{"@type":"ListItem","position":1,"name":"Inicio","item":"https:\/\/www.concisrl.com.ar\/"},{"@type":"ListItem","position":2,"name":"Agroinsumos"}]},{"@type":"WebSite","@id":"https:\/\/www.concisrl.com.ar\/#website","url":"https:\/\/www.concisrl.com.ar\/","name":"Conci SRL","description":"","potentialAction":[{"@type":"SearchAction","target":{"@type":"EntryPoint","urlTemplate":"https:\/\/www.concisrl.com.ar\/?s={search_term_string}"},"query-input":"required name=search_term_string"}],"inLanguage":"es-AR"}]}},"_links":{"self":[{"href":"https:\/\/www.concisrl.com.ar\/index.php\/wp-json\/wp\/v2\/pages\/13"}],"collection":[{"href":"https:\/\/www.concisrl.com.ar\/index.php\/wp-json\/wp\/v2\/pages"}],"about":[{"href":"https:\/\/www.concisrl.com.ar\/index.php\/wp-json\/wp\/v2\/types\/page"}],"author":[{"embeddable":true,"href":"https:\/\/www.concisrl.com.ar\/index.php\/wp-json\/wp\/v2\/users\/1"}],"replies":[{"embeddable":true,"href":"https:\/\/www.concisrl.com.ar\/index.php\/wp-json\/wp\/v2\/comments?post=13"}],"version-history":[{"count":35,"href":"https:\/\/www.concisrl.com.ar\/index.php\/wp-json\/wp\/v2\/pages\/13\/revisions"}],"predecessor-version":[{"id":833,"href":"https:\/\/www.concisrl.com.ar\/index.php\/wp-json\/wp\/v2\/pages\/13\/revisions\/833"}],"wp:attachment":[{"href":"https:\/\/www.concisrl.com.ar\/index.php\/wp-json\/wp\/v2\/media?parent=13"}],"curies":[{"name":"wp","href":"https:\/\/api.w.org\/{rel}","templated":true}]}}