{"id":15,"date":"2019-04-17T09:45:04","date_gmt":"2019-04-17T12:45:04","guid":{"rendered":"http:\/\/www.concisrl.com.ar\/?page_id=15"},"modified":"2019-05-31T11:49:19","modified_gmt":"2019-05-31T14:49:19","slug":"servicio-procesado-de-specialities","status":"publish","type":"page","link":"https:\/\/www.concisrl.com.ar\/index.php\/servicio-procesado-de-specialities\/","title":{"rendered":"Servicio Procesado de Specialities"},"content":{"rendered":"<section class=\"l-section wpb_row height_medium\"><div class=\"l-section-h i-cf\"><div class=\"g-cols vc_row type_default valign_top\"><div class=\"vc_col-sm-12 wpb_column vc_column_container\"><div class=\"vc_column-inner\"><div class=\"wpb_wrapper\">\r\n\t<div class=\"wpb_text_column \">\r\n\t\t<div class=\"wpb_wrapper\">\r\n\t\t\t<h1 style=\"text-align: center;\"><strong>SERVICIO DE PROCESADO DE SPECIALITIES<\/strong><\/h1>\n\r\n\t\t<\/div>\r\n\t<\/div>\r\n<div class=\"ult-spacer spacer-69f758ea4aa7a\" data-id=\"69f758ea4aa7a\" data-height=\"30\" data-height-mobile=\"30\" data-height-tab=\"30\" data-height-tab-portrait=\"\" data-height-mobile-landscape=\"\" style=\"clear:both;display:block;\"><\/div><\/div><\/div><\/div><div class=\"vc_col-sm-12 vc_col-lg-offset-1 vc_col-lg-4\/5 vc_col-xs-offset-1 vc_col-xs-4\/5 wpb_column vc_column_container\"><div class=\"vc_column-inner\"><div class=\"wpb_wrapper\">\r\n\t<div class=\"wpb_text_column \">\r\n\t\t<div class=\"wpb_wrapper\">\r\n\t\t\t<p style=\"text-align: center;\">Disponemos una planta de proceso de legumbres y especialities, con capacidad de 8tn horas de proceso, para responder a la demanda de tercerizaci\u00f3n de productores, intermediarios y exportadores, disponiendo infraestructura, tecnolog\u00eda y servicios de punta.<\/p>\n\r\n\t\t<\/div>\r\n\t<\/div>\r\n<\/div><\/div><\/div><\/div><\/div><\/section><section class=\"l-section wpb_row height_auto width_full\"><div class=\"l-section-h i-cf\"><div class=\"g-cols vc_row type_default valign_top\"><div class=\"vc_col-sm-12 wpb_column vc_column_container\"><div class=\"vc_column-inner\"><div class=\"wpb_wrapper\"><div class=\"w-image align_center\"><div class=\"w-image-h\"><img loading=\"lazy\" decoding=\"async\" width=\"1068\" height=\"440\" src=\"https:\/\/www.concisrl.com.ar\/wp-content\/uploads\/2019\/05\/WhatsApp-Image-2019-05-31-at-11.43.17.png\" class=\"attachment-full size-full\" alt=\"\" srcset=\"https:\/\/www.concisrl.com.ar\/wp-content\/uploads\/2019\/05\/WhatsApp-Image-2019-05-31-at-11.43.17.png 1068w, https:\/\/www.concisrl.com.ar\/wp-content\/uploads\/2019\/05\/WhatsApp-Image-2019-05-31-at-11.43.17-300x124.png 300w, https:\/\/www.concisrl.com.ar\/wp-content\/uploads\/2019\/05\/WhatsApp-Image-2019-05-31-at-11.43.17-1024x422.png 1024w\" sizes=\"(max-width: 1068px) 100vw, 1068px\" \/><\/div><\/div><\/div><\/div><\/div><\/div><\/div><\/section><section class=\"l-section wpb_row height_medium\"><div class=\"l-section-h i-cf\"><div class=\"g-cols vc_row type_default valign_top\"><div class=\"vc_col-sm-8 wpb_column vc_column_container\"><div class=\"vc_column-inner\"><div class=\"wpb_wrapper\">\r\n\t<div class=\"wpb_text_column \">\r\n\t\t<div class=\"wpb_wrapper\">\r\n\t\t\t<p>El procesado de la mercader\u00eda se divide en: recepci\u00f3n, pre limpieza neum\u00e1tica, selecci\u00f3n por zaranda, por peso y por color, calibrado, embolsado empaque y almacenamiento para su venta en el mercado internacional.<\/p>\n\r\n\t\t<\/div>\r\n\t<\/div>\r\n<div class=\"ult-spacer spacer-69f758ea4b657\" data-id=\"69f758ea4b657\" data-height=\"30\" data-height-mobile=\"30\" data-height-tab=\"30\" data-height-tab-portrait=\"\" data-height-mobile-landscape=\"\" style=\"clear:both;display:block;\"><\/div>\r\n\t<div class=\"wpb_text_column \">\r\n\t\t<div class=\"wpb_wrapper\">\r\n\t\t\t<h3>Nuestros Servicios<\/h3>\n<p>Compramos y vendemos, porotos, arvejas, garbanzos, ma\u00edz pisingallo,etc, tanto en el mercado interno como as\u00ed tambi\u00e9n en la exportaci\u00f3n.<br \/>\nDesde el 2018 contamos con Aduana habilitada en planta, facilitando la operatoria de comercio internacional, reduciendo costos y potenciando la competitividad de nuestros productos y productos de nuestros clientes, representando una mayor rentabilidad en el negocio.<\/p>\n\r\n\t\t<\/div>\r\n\t<\/div>\r\n<div class=\"ult-spacer spacer-69f758ea4b69b\" data-id=\"69f758ea4b69b\" data-height=\"30\" data-height-mobile=\"30\" data-height-tab=\"30\" data-height-tab-portrait=\"\" data-height-mobile-landscape=\"\" style=\"clear:both;display:block;\"><\/div>\r\n\t<div class=\"wpb_text_column \">\r\n\t\t<div class=\"wpb_wrapper\">\r\n\t\t\t<h3>Otros servicios<\/h3>\n<p>\u2022 Somos especialistas en el proceso y selecci\u00f3n de soja y trigo.<br \/>\n\u2022 Clasificamos y embolsamos.<br \/>\n\u2022 Log\u00edstica a campo con flota propia de camiones tolvas.<\/p>\n\r\n\t\t<\/div>\r\n\t<\/div>\r\n<\/div><\/div><\/div><div class=\"vc_col-sm-4 wpb_column vc_column_container\"><div class=\"vc_column-inner\"><div class=\"wpb_wrapper\"><div class=\"w-slider style_none\"><div class=\"w-slider-h\"><div class=\"royalSlider\"><div class=\"rsContent\"><a class=\"rsImg\" data-rsw=\"500\" data-rsh=\"500\" href=\"https:\/\/www.concisrl.com.ar\/wp-content\/uploads\/2019\/05\/WhatsApp-Image-2019-03-22-at-10.32.59-1.jpeg\"><span data-alt=\"\"><\/span><\/a><\/div><div class=\"rsContent\"><a class=\"rsImg\" data-rsw=\"685\" data-rsh=\"512\" href=\"https:\/\/www.concisrl.com.ar\/wp-content\/uploads\/2019\/05\/WhatsApp-Image-2019-03-22-at-10.34.37.jpg\"><span data-alt=\"\"><\/span><\/a><\/div><div class=\"rsContent\"><a class=\"rsImg\" data-rsw=\"684\" data-rsh=\"514\" href=\"https:\/\/www.concisrl.com.ar\/wp-content\/uploads\/2019\/05\/WhatsApp-Image-2019-03-22-at-10.35.36.jpg\"><span data-alt=\"\"><\/span><\/a><\/div><\/div><img decoding=\"async\" src=\"https:\/\/www.concisrl.com.ar\/wp-content\/uploads\/2019\/05\/WhatsApp-Image-2019-03-22-at-10.32.59-1.jpeg\" alt=\"\"><\/div><div class=\"w-slider-json\" onclick='return {&quot;loopRewind&quot;:true,&quot;slidesSpacing&quot;:0,&quot;imageScalePadding&quot;:0,&quot;numImagesToPreload&quot;:2,&quot;arrowsNav&quot;:true,&quot;arrowsNavAutoHide&quot;:false,&quot;transitionType&quot;:&quot;move&quot;,&quot;transitionSpeed&quot;:600,&quot;block&quot;:{&quot;moveEffect&quot;:&quot;none&quot;,&quot;speed&quot;:300},&quot;controlNavigation&quot;:&quot;none&quot;,&quot;imageScaleMode&quot;:&quot;fit-if-smaller&quot;,&quot;autoScaleSlider&quot;:true,&quot;autoScaleSliderWidth&quot;:500,&quot;autoScaleSliderHeight&quot;:500,&quot;fitInViewport&quot;:false}'><\/div><\/div><div class=\"ult-spacer spacer-69f758ea4bd08\" data-id=\"69f758ea4bd08\" data-height=\"30\" data-height-mobile=\"30\" data-height-tab=\"30\" data-height-tab-portrait=\"\" data-height-mobile-landscape=\"\" style=\"clear:both;display:block;\"><\/div><div class=\"w-image align_none\"><a class=\"w-image-h\" href=\"http:\/\/www.concisrl.com.ar\/index.php\/acopio\/\"><img loading=\"lazy\" decoding=\"async\" width=\"2248\" height=\"2248\" src=\"https:\/\/www.concisrl.com.ar\/wp-content\/uploads\/2019\/05\/foto-fede-600.jpg\" class=\"attachment-full size-full\" alt=\"\" srcset=\"https:\/\/www.concisrl.com.ar\/wp-content\/uploads\/2019\/05\/foto-fede-600.jpg 2248w, https:\/\/www.concisrl.com.ar\/wp-content\/uploads\/2019\/05\/foto-fede-600-150x150.jpg 150w, https:\/\/www.concisrl.com.ar\/wp-content\/uploads\/2019\/05\/foto-fede-600-300x300.jpg 300w, https:\/\/www.concisrl.com.ar\/wp-content\/uploads\/2019\/05\/foto-fede-600-1024x1024.jpg 1024w, https:\/\/www.concisrl.com.ar\/wp-content\/uploads\/2019\/05\/foto-fede-600-600x600.jpg 600w\" sizes=\"(max-width: 2248px) 100vw, 2248px\" \/><\/a><\/div><\/div><\/div><\/div><\/div><\/div><\/section>\n","protected":false},"excerpt":{"rendered":"SERVICIO DE PROCESADO DE SPECIALITIES Disponemos una planta de proceso de legumbres y especialities, con capacidad de 8tn horas de proceso, para responder a la demanda de tercerizaci\u00f3n de productores, intermediarios y exportadores, disponiendo infraestructura, tecnolog\u00eda y servicios de punta. El procesado de la mercader\u00eda se divide en: recepci\u00f3n, pre limpieza neum\u00e1tica, selecci\u00f3n por zaranda,...","protected":false},"author":1,"featured_media":0,"parent":0,"menu_order":0,"comment_status":"closed","ping_status":"closed","template":"","meta":{"_joinchat":[],"footnotes":""},"yoast_head":"<!-- This site is optimized with the Yoast SEO plugin v22.8 - https:\/\/yoast.com\/wordpress\/plugins\/seo\/ -->\n<title>Servicio Procesado de Specialities - Conci SRL<\/title>\n<meta name=\"robots\" content=\"index, follow, max-snippet:-1, max-image-preview:large, max-video-preview:-1\" \/>\n<link rel=\"canonical\" href=\"https:\/\/www.concisrl.com.ar\/index.php\/servicio-procesado-de-specialities\/\" \/>\n<meta property=\"og:locale\" content=\"es_ES\" \/>\n<meta property=\"og:type\" content=\"article\" \/>\n<meta property=\"og:title\" content=\"Servicio Procesado de Specialities - Conci SRL\" \/>\n<meta property=\"og:url\" content=\"https:\/\/www.concisrl.com.ar\/index.php\/servicio-procesado-de-specialities\/\" \/>\n<meta property=\"og:site_name\" content=\"Conci SRL\" \/>\n<meta property=\"article:modified_time\" content=\"2019-05-31T14:49:19+00:00\" \/>\n<meta name=\"twitter:card\" content=\"summary_large_image\" \/>\n<meta name=\"twitter:label1\" content=\"Tiempo de lectura\" \/>\n\t<meta name=\"twitter:data1\" content=\"1 minuto\" \/>\n<script type=\"application\/ld+json\" class=\"yoast-schema-graph\">{\"@context\":\"https:\/\/schema.org\",\"@graph\":[{\"@type\":\"WebPage\",\"@id\":\"https:\/\/www.concisrl.com.ar\/index.php\/servicio-procesado-de-specialities\/\",\"url\":\"https:\/\/www.concisrl.com.ar\/index.php\/servicio-procesado-de-specialities\/\",\"name\":\"Servicio Procesado de Specialities - Conci SRL\",\"isPartOf\":{\"@id\":\"https:\/\/www.concisrl.com.ar\/#website\"},\"datePublished\":\"2019-04-17T12:45:04+00:00\",\"dateModified\":\"2019-05-31T14:49:19+00:00\",\"breadcrumb\":{\"@id\":\"https:\/\/www.concisrl.com.ar\/index.php\/servicio-procesado-de-specialities\/#breadcrumb\"},\"inLanguage\":\"es-AR\",\"potentialAction\":[{\"@type\":\"ReadAction\",\"target\":[\"https:\/\/www.concisrl.com.ar\/index.php\/servicio-procesado-de-specialities\/\"]}]},{\"@type\":\"BreadcrumbList\",\"@id\":\"https:\/\/www.concisrl.com.ar\/index.php\/servicio-procesado-de-specialities\/#breadcrumb\",\"itemListElement\":[{\"@type\":\"ListItem\",\"position\":1,\"name\":\"Inicio\",\"item\":\"https:\/\/www.concisrl.com.ar\/\"},{\"@type\":\"ListItem\",\"position\":2,\"name\":\"Servicio Procesado de Specialities\"}]},{\"@type\":\"WebSite\",\"@id\":\"https:\/\/www.concisrl.com.ar\/#website\",\"url\":\"https:\/\/www.concisrl.com.ar\/\",\"name\":\"Conci SRL\",\"description\":\"\",\"potentialAction\":[{\"@type\":\"SearchAction\",\"target\":{\"@type\":\"EntryPoint\",\"urlTemplate\":\"https:\/\/www.concisrl.com.ar\/?s={search_term_string}\"},\"query-input\":\"required name=search_term_string\"}],\"inLanguage\":\"es-AR\"}]}<\/script>\n<!-- \/ Yoast SEO plugin. -->","yoast_head_json":{"title":"Servicio Procesado de Specialities - Conci SRL","robots":{"index":"index","follow":"follow","max-snippet":"max-snippet:-1","max-image-preview":"max-image-preview:large","max-video-preview":"max-video-preview:-1"},"canonical":"https:\/\/www.concisrl.com.ar\/index.php\/servicio-procesado-de-specialities\/","og_locale":"es_ES","og_type":"article","og_title":"Servicio Procesado de Specialities - Conci SRL","og_url":"https:\/\/www.concisrl.com.ar\/index.php\/servicio-procesado-de-specialities\/","og_site_name":"Conci SRL","article_modified_time":"2019-05-31T14:49:19+00:00","twitter_card":"summary_large_image","twitter_misc":{"Tiempo de lectura":"1 minuto"},"schema":{"@context":"https:\/\/schema.org","@graph":[{"@type":"WebPage","@id":"https:\/\/www.concisrl.com.ar\/index.php\/servicio-procesado-de-specialities\/","url":"https:\/\/www.concisrl.com.ar\/index.php\/servicio-procesado-de-specialities\/","name":"Servicio Procesado de Specialities - Conci SRL","isPartOf":{"@id":"https:\/\/www.concisrl.com.ar\/#website"},"datePublished":"2019-04-17T12:45:04+00:00","dateModified":"2019-05-31T14:49:19+00:00","breadcrumb":{"@id":"https:\/\/www.concisrl.com.ar\/index.php\/servicio-procesado-de-specialities\/#breadcrumb"},"inLanguage":"es-AR","potentialAction":[{"@type":"ReadAction","target":["https:\/\/www.concisrl.com.ar\/index.php\/servicio-procesado-de-specialities\/"]}]},{"@type":"BreadcrumbList","@id":"https:\/\/www.concisrl.com.ar\/index.php\/servicio-procesado-de-specialities\/#breadcrumb","itemListElement":[{"@type":"ListItem","position":1,"name":"Inicio","item":"https:\/\/www.concisrl.com.ar\/"},{"@type":"ListItem","position":2,"name":"Servicio Procesado de Specialities"}]},{"@type":"WebSite","@id":"https:\/\/www.concisrl.com.ar\/#website","url":"https:\/\/www.concisrl.com.ar\/","name":"Conci SRL","description":"","potentialAction":[{"@type":"SearchAction","target":{"@type":"EntryPoint","urlTemplate":"https:\/\/www.concisrl.com.ar\/?s={search_term_string}"},"query-input":"required name=search_term_string"}],"inLanguage":"es-AR"}]}},"_links":{"self":[{"href":"https:\/\/www.concisrl.com.ar\/index.php\/wp-json\/wp\/v2\/pages\/15"}],"collection":[{"href":"https:\/\/www.concisrl.com.ar\/index.php\/wp-json\/wp\/v2\/pages"}],"about":[{"href":"https:\/\/www.concisrl.com.ar\/index.php\/wp-json\/wp\/v2\/types\/page"}],"author":[{"embeddable":true,"href":"https:\/\/www.concisrl.com.ar\/index.php\/wp-json\/wp\/v2\/users\/1"}],"replies":[{"embeddable":true,"href":"https:\/\/www.concisrl.com.ar\/index.php\/wp-json\/wp\/v2\/comments?post=15"}],"version-history":[{"count":18,"href":"https:\/\/www.concisrl.com.ar\/index.php\/wp-json\/wp\/v2\/pages\/15\/revisions"}],"predecessor-version":[{"id":655,"href":"https:\/\/www.concisrl.com.ar\/index.php\/wp-json\/wp\/v2\/pages\/15\/revisions\/655"}],"wp:attachment":[{"href":"https:\/\/www.concisrl.com.ar\/index.php\/wp-json\/wp\/v2\/media?parent=15"}],"curies":[{"name":"wp","href":"https:\/\/api.w.org\/{rel}","templated":true}]}}